{"id":2,"date":"2022-10-22T02:11:46","date_gmt":"2022-10-21T23:11:46","guid":{"rendered":"http:\/\/kopliprint\/?page_id=2"},"modified":"2025-09-14T11:46:41","modified_gmt":"2025-09-14T08:46:41","slug":"printing_processes","status":"publish","type":"page","link":"https:\/\/kopliprint.ee\/et\/printing_processes\/","title":{"rendered":"Tehnoloogia"},"content":{"rendered":"<p class=\"has-text-align-left has-medium-font-size\">Sellel lehel saate l\u00e4hemalt tutvuda meie ettev\u00f5ttes Kopli Print O\u00dc kasutatavate tr\u00fckimeetodite ja protsessidega <\/p>\n\n\n\n<div style=\"height:21px\" aria-hidden=\"true\" class=\"wp-block-spacer\"><\/div>\n\n\n\n<div style=\"height:31px\" aria-hidden=\"true\" class=\"wp-block-spacer\"><\/div>\n\n\n\n<h4 class=\"wp-block-heading has-text-align-left has-cyan-bluish-gray-background-color has-background\" id=\"1\">Siiditr\u00fckk<\/h4>\n\n\n\n<figure class=\"wp-block-gallery has-nested-images columns-default is-cropped wp-block-gallery-1 is-layout-flex wp-block-gallery-is-layout-flex\">\n<figure class=\"wp-block-image size-large\"><img loading=\"lazy\" decoding=\"async\" width=\"1024\" height=\"683\" data-id=\"995\" src=\"https:\/\/kopliprint.ee\/wp-content\/uploads\/2022\/11\/screen-printing-1024x683.jpg\" alt=\"\" class=\"wp-image-995\" srcset=\"https:\/\/kopliprint.ee\/wp-content\/uploads\/2022\/11\/screen-printing-1024x683.jpg 1024w, https:\/\/kopliprint.ee\/wp-content\/uploads\/2022\/11\/screen-printing-300x200.jpg 300w, https:\/\/kopliprint.ee\/wp-content\/uploads\/2022\/11\/screen-printing-768x512.jpg 768w, https:\/\/kopliprint.ee\/wp-content\/uploads\/2022\/11\/screen-printing-1536x1024.jpg 1536w, https:\/\/kopliprint.ee\/wp-content\/uploads\/2022\/11\/screen-printing-18x12.jpg 18w, https:\/\/kopliprint.ee\/wp-content\/uploads\/2022\/11\/screen-printing-600x400.jpg 600w, https:\/\/kopliprint.ee\/wp-content\/uploads\/2022\/11\/screen-printing.jpg 1920w\" sizes=\"auto, (max-width: 1024px) 100vw, 1024px\" \/><figcaption class=\"wp-element-caption\">Screen Printing<\/figcaption><\/figure>\n<\/figure>\n\n\n\n<p><strong>Siiditr\u00fckk<\/strong> on tr\u00fckimeetod, mille puhul kasutatakse tekstiilidele kujunduse kandmiseks \u0161abloone ja tinti. See on k\u00f5ige \u00f6konoomsem meetod suure mahuga printimiseks. Saate printida T-s\u00e4rkidele, kapuutsidele, dressipluusidele, p\u00f5lledele, tuulejopetele, eripakkumistele. riided jne Kasutame ainult juhtivate firmade v\u00e4rve, kaabitsaid, vorme. Meie ettev\u00f5te kasutab k\u00e4sitsi 6-v\u00e4rvilist pressi. P\u00e4rast printimist kinnitatakse (kuivatatakse) tindid tunnelkuivatuse abil. Maksimaalne tr\u00fckisuurus: 35x50cm.<\/p>\n\n\n\n<div style=\"height:21px\" aria-hidden=\"true\" class=\"wp-block-spacer\"><\/div>\n\n\n\n<div class=\"wp-block-buttons is-content-justification-center is-layout-flex wp-container-core-buttons-is-layout-a89b3969 wp-block-buttons-is-layout-flex\"><\/div>\n\n\n\n<h4 class=\"wp-block-heading has-text-align-left has-cyan-bluish-gray-background-color has-background\" id=\"2\">Tikkimine<\/h4>\n\n\n\n<figure class=\"wp-block-gallery has-nested-images columns-default is-cropped wp-block-gallery-2 is-layout-flex wp-block-gallery-is-layout-flex\">\n<figure class=\"wp-block-image size-large\"><img loading=\"lazy\" decoding=\"async\" width=\"1024\" height=\"576\" data-id=\"996\" src=\"https:\/\/kopliprint.ee\/wp-content\/uploads\/2022\/11\/embroidery-1024x576.jpg\" alt=\"\" class=\"wp-image-996\" srcset=\"https:\/\/kopliprint.ee\/wp-content\/uploads\/2022\/11\/embroidery-1024x576.jpg 1024w, https:\/\/kopliprint.ee\/wp-content\/uploads\/2022\/11\/embroidery-300x169.jpg 300w, https:\/\/kopliprint.ee\/wp-content\/uploads\/2022\/11\/embroidery-768x432.jpg 768w, https:\/\/kopliprint.ee\/wp-content\/uploads\/2022\/11\/embroidery-1536x864.jpg 1536w, https:\/\/kopliprint.ee\/wp-content\/uploads\/2022\/11\/embroidery-18x10.jpg 18w, https:\/\/kopliprint.ee\/wp-content\/uploads\/2022\/11\/embroidery-600x338.jpg 600w, https:\/\/kopliprint.ee\/wp-content\/uploads\/2022\/11\/embroidery.jpg 1920w\" sizes=\"auto, (max-width: 1024px) 100vw, 1024px\" \/><figcaption class=\"wp-element-caption\">Embroidery<\/figcaption><\/figure>\n<\/figure>\n\n\n\n<p><strong>Tikkimine<\/strong> on tekstiilitoodete kaunistamise meetod tikkimismasina ja spetsiaalsete niitide abil. See meetod annab tootele soliidse v\u00e4limuse ja sobib eriti h\u00e4sti tikkimiseks paksematele kangastele, n\u00e4iteks: m\u00fctsid, polos\u00e4rgid, teksajakid, hommikumantlid, r\u00e4tikud, dressipluusid, kootud m\u00fctsid jne. Tikkimiseks kasutame Tajima TMBR 1501 tikkimismasinat.<\/p>\n\n\n\n<div style=\"height:21px\" aria-hidden=\"true\" class=\"wp-block-spacer\"><\/div>\n\n\n\n<h4 class=\"wp-block-heading has-text-align-left has-cyan-bluish-gray-background-color has-background\" id=\"3\">Otsetr\u00fckk riietele<\/h4>\n\n\n\n<figure class=\"wp-block-gallery has-nested-images columns-default is-cropped wp-block-gallery-3 is-layout-flex wp-block-gallery-is-layout-flex\">\n<figure class=\"wp-block-image size-large\"><img loading=\"lazy\" decoding=\"async\" width=\"1024\" height=\"727\" data-id=\"997\" src=\"https:\/\/kopliprint.ee\/wp-content\/uploads\/2022\/11\/dtg-1024x727.jpg\" alt=\"\" class=\"wp-image-997\" srcset=\"https:\/\/kopliprint.ee\/wp-content\/uploads\/2022\/11\/dtg-1024x727.jpg 1024w, https:\/\/kopliprint.ee\/wp-content\/uploads\/2022\/11\/dtg-300x213.jpg 300w, https:\/\/kopliprint.ee\/wp-content\/uploads\/2022\/11\/dtg-768x546.jpg 768w, https:\/\/kopliprint.ee\/wp-content\/uploads\/2022\/11\/dtg-1536x1091.jpg 1536w, https:\/\/kopliprint.ee\/wp-content\/uploads\/2022\/11\/dtg-18x12.jpg 18w, https:\/\/kopliprint.ee\/wp-content\/uploads\/2022\/11\/dtg-600x426.jpg 600w, https:\/\/kopliprint.ee\/wp-content\/uploads\/2022\/11\/dtg.jpg 1920w\" sizes=\"auto, (max-width: 1024px) 100vw, 1024px\" \/><figcaption class=\"wp-element-caption\">Direct to Garment<\/figcaption><\/figure>\n<\/figure>\n\n\n\n<p><strong>Otsetr\u00fckkimisel,<\/strong>kannab spetsiaalne tindiprinter tinti otse kangale, kus kiud imavad tinti, et tekiks v\u00e4rviline tr\u00fckk. See meetod sobib l\u00fchikeste sarjade v\u00f5i t\u00e4isv\u00e4rviliste fotoprintide jaoks, peamiselt T-s\u00e4rkidele. V\u00e4rvi kinnitamiseks kasutatud tekstiiliprinterit Epson F2100 ja kuumpressi. Meie printeri maksimaalne tr\u00fckisuurus on 35x40cm.<\/p>\n\n\n\n<div style=\"height:21px\" aria-hidden=\"true\" class=\"wp-block-spacer\"><\/div>\n\n\n\n<h4 class=\"wp-block-heading has-text-align-left has-cyan-bluish-gray-background-color has-background\" id=\"4\">Kuumpresstr\u00fckk<\/h4>\n\n\n\n<figure class=\"wp-block-gallery has-nested-images columns-default is-cropped wp-block-gallery-4 is-layout-flex wp-block-gallery-is-layout-flex\">\n<figure class=\"wp-block-image size-large\"><img loading=\"lazy\" decoding=\"async\" width=\"1024\" height=\"594\" data-id=\"998\" src=\"https:\/\/kopliprint.ee\/wp-content\/uploads\/2022\/11\/htv-1024x594.jpg\" alt=\"\" class=\"wp-image-998\" srcset=\"https:\/\/kopliprint.ee\/wp-content\/uploads\/2022\/11\/htv-1024x594.jpg 1024w, https:\/\/kopliprint.ee\/wp-content\/uploads\/2022\/11\/htv-300x174.jpg 300w, https:\/\/kopliprint.ee\/wp-content\/uploads\/2022\/11\/htv-768x445.jpg 768w, https:\/\/kopliprint.ee\/wp-content\/uploads\/2022\/11\/htv-1536x890.jpg 1536w, https:\/\/kopliprint.ee\/wp-content\/uploads\/2022\/11\/htv-18x10.jpg 18w, https:\/\/kopliprint.ee\/wp-content\/uploads\/2022\/11\/htv-600x348.jpg 600w, https:\/\/kopliprint.ee\/wp-content\/uploads\/2022\/11\/htv.jpg 1920w\" sizes=\"auto, (max-width: 1024px) 100vw, 1024px\" \/><figcaption class=\"wp-element-caption\">Heat Transfer Vinyl<\/figcaption><\/figure>\n<\/figure>\n\n\n\n<p><strong>Kuumpresstr\u00fckk <\/strong>see on veel \u00fcks tekstiilide kaunistamise meetod. Kujunduse kangale kandmisel termo\u00fclekandega kasutatakse termopressi ja plotteriga l\u00f5igatud spetsiaalseid vin\u00fc\u00fclkilesid. V\u00f5ite kasutada erinevat v\u00e4rvi valmiskilesid, aga ka mitmesuguseid disainilahendusi, n\u00e4iteks peegeldavat vin\u00fc\u00fcli, seemisnahast kattega kilet jne.\nKasutame vana, aga t\u00f6\u00f6kindlat printerit\/plotterit Rolandi eco-solvent tintidega, T-s\u00e4rkide (38x50cm) termopressi ja m\u00fctside termopressi.<\/p>\n\n\n\n<div style=\"height:21px\" aria-hidden=\"true\" class=\"wp-block-spacer\"><\/div>\n\n\n\n<h4 class=\"wp-block-heading has-text-align-left has-cyan-bluish-gray-background-color has-background\" id=\"5\">Sublimatsioontr\u00fckk<\/h4>\n\n\n\n<figure class=\"wp-block-gallery has-nested-images columns-default is-cropped wp-block-gallery-5 is-layout-flex wp-block-gallery-is-layout-flex\">\n<figure class=\"wp-block-image size-large\"><img loading=\"lazy\" decoding=\"async\" width=\"1024\" height=\"854\" data-id=\"999\" src=\"https:\/\/kopliprint.ee\/wp-content\/uploads\/2022\/11\/sublimation-1024x854.jpg\" alt=\"\" class=\"wp-image-999\" srcset=\"https:\/\/kopliprint.ee\/wp-content\/uploads\/2022\/11\/sublimation-1024x854.jpg 1024w, https:\/\/kopliprint.ee\/wp-content\/uploads\/2022\/11\/sublimation-300x250.jpg 300w, https:\/\/kopliprint.ee\/wp-content\/uploads\/2022\/11\/sublimation-768x641.jpg 768w, https:\/\/kopliprint.ee\/wp-content\/uploads\/2022\/11\/sublimation-1536x1282.jpg 1536w, https:\/\/kopliprint.ee\/wp-content\/uploads\/2022\/11\/sublimation-14x12.jpg 14w, https:\/\/kopliprint.ee\/wp-content\/uploads\/2022\/11\/sublimation-600x501.jpg 600w, https:\/\/kopliprint.ee\/wp-content\/uploads\/2022\/11\/sublimation.jpg 1920w\" sizes=\"auto, (max-width: 1024px) 100vw, 1024px\" \/><figcaption class=\"wp-element-caption\">Sublimation<\/figcaption><\/figure>\n<\/figure>\n\n\n\n<p><strong>See protsess<\/strong> kasutab erinevaid termopresse, spetsiaalset paberit ja tindiprinterit spetsiaalse kuumustundliku tindiga, et luua v\u00e4ga erksav\u00e4rvilisi ja vastupidavaid fotosid. Kasutamine: 100% pol\u00fcestrist T-s\u00e4rgid, kruusid. Kasutatakse A3+ tindiprinterit, T-s\u00e4rgi termopressi (38x50cm) ja kruusi termopressi.<\/p>\n\n\n\n<div style=\"height:21px\" aria-hidden=\"true\" class=\"wp-block-spacer\"><\/div>\n\n\n\n<h4 class=\"wp-block-heading has-text-align-left has-cyan-bluish-gray-background-color has-background\" id=\"6\">Laiformaat Tr\u00fckk \/ Kleebisreklaam<\/h4>\n\n\n\n<figure class=\"wp-block-gallery has-nested-images columns-default is-cropped wp-block-gallery-6 is-layout-flex wp-block-gallery-is-layout-flex\">\n<figure class=\"wp-block-image size-large\"><img loading=\"lazy\" decoding=\"async\" width=\"1024\" height=\"670\" data-id=\"1000\" src=\"https:\/\/kopliprint.ee\/wp-content\/uploads\/2022\/11\/wide-format-1024x670.jpg\" alt=\"\" class=\"wp-image-1000\" srcset=\"https:\/\/kopliprint.ee\/wp-content\/uploads\/2022\/11\/wide-format-1024x670.jpg 1024w, https:\/\/kopliprint.ee\/wp-content\/uploads\/2022\/11\/wide-format-300x196.jpg 300w, https:\/\/kopliprint.ee\/wp-content\/uploads\/2022\/11\/wide-format-768x502.jpg 768w, https:\/\/kopliprint.ee\/wp-content\/uploads\/2022\/11\/wide-format-1536x1005.jpg 1536w, https:\/\/kopliprint.ee\/wp-content\/uploads\/2022\/11\/wide-format-18x12.jpg 18w, https:\/\/kopliprint.ee\/wp-content\/uploads\/2022\/11\/wide-format-600x393.jpg 600w, https:\/\/kopliprint.ee\/wp-content\/uploads\/2022\/11\/wide-format.jpg 1920w\" sizes=\"auto, (max-width: 1024px) 100vw, 1024px\" \/><figcaption class=\"wp-element-caption\">Wide Format Printing<\/figcaption><\/figure>\n<\/figure>\n\n\n\n<p><strong>Laiformaat tr\u00fckk<\/strong> - See on teatud t\u00fc\u00fcpi digitaaltr\u00fckk, mida toodetakse spetsiaalsetel suureformaadilistel printeritel\/plotteritel. Tr\u00fckime \u00f6kolahustiv\u00e4rvidega: plakatid, b\u00e4nnerid, vin\u00fc\u00fclkleebised, l\u00f5uend, v\u00e4lireklaam autodele, vaateakendele jne. Kleebised l\u00f5igatakse peale printimist etteantud kontuuri j\u00e4rgi. Valmis vin\u00fc\u00fclist l\u00f5igatakse v\u00e4lja ka erinevates v\u00e4rvides graafikat, sh helkurkile, metallik, kevlar jne. Kasutatakse Rolandi printerit\/plotterit. Maksimaalne kandja laius 130cm. Vajadusel l\u00e4heme kliendi juurde liimimisele.<\/p>\n\n\n\n<h4 class=\"wp-block-heading has-text-align-left has-cyan-bluish-gray-background-color has-background\" id=\"7\">Digitaalne tr\u00fckk<\/h4>\n\n\n\n<figure class=\"wp-block-gallery has-nested-images columns-default is-cropped wp-block-gallery-7 is-layout-flex wp-block-gallery-is-layout-flex\">\n<figure class=\"wp-block-image size-large\"><img loading=\"lazy\" decoding=\"async\" width=\"1024\" height=\"705\" data-id=\"1001\" src=\"https:\/\/kopliprint.ee\/wp-content\/uploads\/2022\/11\/1617334247-1024x705.jpg\" alt=\"\" class=\"wp-image-1001\" srcset=\"https:\/\/kopliprint.ee\/wp-content\/uploads\/2022\/11\/1617334247-1024x705.jpg 1024w, https:\/\/kopliprint.ee\/wp-content\/uploads\/2022\/11\/1617334247-300x206.jpg 300w, https:\/\/kopliprint.ee\/wp-content\/uploads\/2022\/11\/1617334247-768x528.jpg 768w, https:\/\/kopliprint.ee\/wp-content\/uploads\/2022\/11\/1617334247-1536x1057.jpg 1536w, https:\/\/kopliprint.ee\/wp-content\/uploads\/2022\/11\/1617334247-18x12.jpg 18w, https:\/\/kopliprint.ee\/wp-content\/uploads\/2022\/11\/1617334247-600x413.jpg 600w, https:\/\/kopliprint.ee\/wp-content\/uploads\/2022\/11\/1617334247.jpg 1920w\" sizes=\"auto, (max-width: 1024px) 100vw, 1024px\" \/><figcaption class=\"wp-element-caption\">Digital Printing<\/figcaption><\/figure>\n<\/figure>\n\n\n\n<p><strong>Digitaalne tr\u00fckk<\/strong>, ka digitr\u00fckk, on masstootmise tr\u00fckitoodete valmistamine \"digitaalsete\" seadmete abil \u2013 seadmed, mis prindivad otse elektroonilistest failidest ja kasutavad mitte ofsettehnoloogiat, vaid tindi otse pealekandmise tehnoloogiat. Digitr\u00fcki kasutatakse suure hulga reklaammaterjalide valmistamiseks: bro\u0161\u00fc\u00fcrid, visiitkaardid, voldikud, plakatid, flaierid jne. Meie ettev\u00f5ttes on kasutusel digitaalne lasertr\u00fckimasin SRA3 (32x45cm) formaadis. Tr\u00fckij\u00e4rgseks t\u00f6\u00f6tlemiseks kasutatakse giljotiini, A3 laminaatorit jne.<\/p>\n\n\n\n<p><\/p>","protected":false},"excerpt":{"rendered":"<p>\u041d\u0430 \u044d\u0442\u043e\u0439 \u0441\u0442\u0440\u0430\u043d\u0438\u0446\u0435 \u043c\u043e\u0436\u043d\u043e \u0431\u043e\u043b\u0435\u0435 \u043f\u043e\u0434\u0440\u043e\u0431\u043d\u043e \u043e\u0437\u043d\u0430\u043a\u043e\u043c\u0438\u0442\u044c\u0441\u044f \u0441 \u043c\u0435\u0442\u043e\u0434\u0430\u043c\u0438 \u043f\u0435\u0447\u0430\u0442\u0438 \u0438 \u043f\u0440\u043e\u0446\u0435\u0441\u0441\u0430\u043c\u0438, \u0438\u0441\u043f\u043e\u043b\u044c\u0437\u0443\u0435\u043c\u044b\u043c\u0438 \u0432 \u043d\u0430\u0448\u0435\u0439 \u0444\u0438\u0440\u043c\u0435 Kopli Print O\u00dc \u0428\u0435\u043b\u043a\u043e\u0433\u0440\u0430\u0444\u0438\u044f \u0428\u0435\u043b\u043a\u043e\u0433\u0440\u0430\u0444\u0438\u044f \u0438\u043b\u0438 \u0422\u0440\u0430\u0444\u0430\u0440\u0435\u0442\u043d\u0430\u044f \u043f\u0435\u0447\u0430\u0442\u044c \u044d\u0442\u043e \u043c\u0435\u0442\u043e\u0434 \u043f\u0435\u0447\u0430\u0442\u0438, \u043f\u0440\u0438 \u043a\u043e\u0442\u043e\u0440\u043e\u0439 \u0438\u0441\u043f\u043e\u043b\u044c\u0437\u0443\u044e\u0442\u0441\u044f \u0442\u0440\u0430\u0444\u0430\u0440\u0435\u0442\u044b \u0438 \u043a\u0440\u0430\u0441\u043a\u0430 \u0434\u043b\u044f \u0442\u043e\u0433\u043e, \u0447\u0442\u043e\u0431\u044b \u043d\u0430\u043d\u043e\u0441\u0438\u0442\u044c \u0434\u0438\u0437\u0430\u0439\u043d\u044b \u043d\u0430 \u0438\u0437\u0434\u0435\u043b\u0438\u044f \u0438\u0437 \u0442\u0435\u043a\u0441\u0442\u0438\u043b\u044f. \u042d\u0442\u043e \u0441\u0430\u043c\u044b\u0439 \u044d\u043a\u043e\u043d\u043e\u043c\u0438\u0447\u043d\u044b\u0439 \u043c\u0435\u0442\u043e\u0434 \u0434\u043b\u044f \u043f\u0435\u0447\u0430\u0442\u0438 \u0431\u043e\u043b\u044c\u0448\u0438\u0445 \u0442\u0438\u0440\u0430\u0436\u0435\u0439. \u041c\u043e\u0436\u043d\u043e \u043f\u0435\u0447\u0430\u0442\u0430\u0442\u044c \u043d\u0430 \u0444\u0443\u0442\u0431\u043e\u043b\u043a\u0430\u0445, \u0445\u0443\u0434\u0438, [&hellip;]<\/p>\n","protected":false},"author":1,"featured_media":0,"parent":0,"menu_order":0,"comment_status":"closed","ping_status":"closed","template":"","meta":{"site-sidebar-layout":"default","site-content-layout":"","ast-site-content-layout":"default","site-content-style":"default","site-sidebar-style":"default","ast-global-header-display":"","ast-banner-title-visibility":"","ast-main-header-display":"","ast-hfb-above-header-display":"","ast-hfb-below-header-display":"","ast-hfb-mobile-header-display":"","site-post-title":"","ast-breadcrumbs-content":"","ast-featured-img":"","footer-sml-layout":"","ast-disable-related-posts":"","theme-transparent-header-meta":"","adv-header-id-meta":"","stick-header-meta":"","header-above-stick-meta":"","header-main-stick-meta":"","header-below-stick-meta":"","astra-migrate-meta-layouts":"set","ast-page-background-enabled":"default","ast-page-background-meta":{"desktop":{"background-color":"var(--ast-global-color-4)","background-image":"","background-repeat":"repeat","background-position":"center center","background-size":"auto","background-attachment":"scroll","background-type":"","background-media":"","overlay-type":"","overlay-color":"","overlay-opacity":"","overlay-gradient":""},"tablet":{"background-color":"","background-image":"","background-repeat":"repeat","background-position":"center center","background-size":"auto","background-attachment":"scroll","background-type":"","background-media":"","overlay-type":"","overlay-color":"","overlay-opacity":"","overlay-gradient":""},"mobile":{"background-color":"","background-image":"","background-repeat":"repeat","background-position":"center center","background-size":"auto","background-attachment":"scroll","background-type":"","background-media":"","overlay-type":"","overlay-color":"","overlay-opacity":"","overlay-gradient":""}},"ast-content-background-meta":{"desktop":{"background-color":"var(--ast-global-color-5)","background-image":"","background-repeat":"repeat","background-position":"center center","background-size":"auto","background-attachment":"scroll","background-type":"","background-media":"","overlay-type":"","overlay-color":"","overlay-opacity":"","overlay-gradient":""},"tablet":{"background-color":"var(--ast-global-color-5)","background-image":"","background-repeat":"repeat","background-position":"center center","background-size":"auto","background-attachment":"scroll","background-type":"","background-media":"","overlay-type":"","overlay-color":"","overlay-opacity":"","overlay-gradient":""},"mobile":{"background-color":"var(--ast-global-color-5)","background-image":"","background-repeat":"repeat","background-position":"center center","background-size":"auto","background-attachment":"scroll","background-type":"","background-media":"","overlay-type":"","overlay-color":"","overlay-opacity":"","overlay-gradient":""}},"footnotes":""},"class_list":["post-2","page","type-page","status-publish","hentry"],"aioseo_notices":[],"_links":{"self":[{"href":"https:\/\/kopliprint.ee\/et\/wp-json\/wp\/v2\/pages\/2","targetHints":{"allow":["GET"]}}],"collection":[{"href":"https:\/\/kopliprint.ee\/et\/wp-json\/wp\/v2\/pages"}],"about":[{"href":"https:\/\/kopliprint.ee\/et\/wp-json\/wp\/v2\/types\/page"}],"author":[{"embeddable":true,"href":"https:\/\/kopliprint.ee\/et\/wp-json\/wp\/v2\/users\/1"}],"replies":[{"embeddable":true,"href":"https:\/\/kopliprint.ee\/et\/wp-json\/wp\/v2\/comments?post=2"}],"version-history":[{"count":122,"href":"https:\/\/kopliprint.ee\/et\/wp-json\/wp\/v2\/pages\/2\/revisions"}],"predecessor-version":[{"id":1732,"href":"https:\/\/kopliprint.ee\/et\/wp-json\/wp\/v2\/pages\/2\/revisions\/1732"}],"wp:attachment":[{"href":"https:\/\/kopliprint.ee\/et\/wp-json\/wp\/v2\/media?parent=2"}],"curies":[{"name":"wp","href":"https:\/\/api.w.org\/{rel}","templated":true}]}}