{"id":1006,"date":"2022-11-17T15:27:07","date_gmt":"2022-11-17T13:27:07","guid":{"rendered":"https:\/\/kopliprint.ee\/?page_id=1006"},"modified":"2025-09-14T11:20:54","modified_gmt":"2025-09-14T08:20:54","slug":"threads","status":"publish","type":"page","link":"https:\/\/kopliprint.ee\/et\/threads\/","title":{"rendered":"R\u00f5ivad ja aksessuaarid"},"content":{"rendered":"<div class=\"wp-block-buttons is-layout-flex wp-block-buttons-is-layout-flex\">\n<div class=\"wp-block-button\"><a class=\"wp-block-button__link wp-element-button\" href=\"https:\/\/tshirteurope.com\/downloads\/catalogue2025\/mobile\/index.html\">Kataloog \/ \u041a\u0430\u0442\u0430\u043b\u043e\u0433 \/ Catalogue<\/a><\/div>\n<\/div>\n\n\n\n<p class=\" translation-block\">Siin saate vaadata ja valida veebikataloogist erinevate kaubam\u00e4rkide tooteid, mida me teile pakume ja mida me teile erinevate meetoditega kaunistada saame. Vajuta sinist nuppu ja kerige lehti! Kui suudate, vaadake kindlasti kogu asja \u00e4ra. Me ei piirdu ainult T-s\u00e4rkide v\u00f5i m\u00fctsidega. Kuidas oleks n\u00e4iteks tikitud nimega pehme m\u00e4nguloomaga?<\/p>\n\n\n\n<p>Kuidas tellida? Kui palju see maksab? Kirjutage meile e-kiri aadressile andrei (at) kopliprint.ee ja me saadame teile pakkumise. Kirjas m\u00e4rkige kindlasti mudeli nimi, kogus ja mida t\u00e4pselt soovite, tikandit v\u00f5i tr\u00fckki? Soovitav on saata e-postile valmis fail v\u00f5i makett, et saaksime teie p\u00e4ringule t\u00e4psemalt vastata.\nHind s\u00f5ltub esemete maksumusest ja t\u00f6\u00f6 keerukusest. T\u00f6\u00f6 maksumus arvutatakse individuaalselt, universaalseid tabeleid pole. N\u00e4iteks \u00fche lihtsa logo tikkimine 3000 \u00fchev\u00e4rvilise pistega v\u00f5ib maksta vaid 3 eurot ja 10x10 cm suuruse lapi tikkimine 3 erineva niidiga maksab muidugi rohkem.<\/p>\n\n\n\n<div class=\"wp-block-buttons is-layout-flex wp-block-buttons-is-layout-flex\">\n<div class=\"wp-block-button\"><a class=\"wp-block-button__link wp-element-button\" href=\"https:\/\/tshirteurope.com\/downloads\/catalogue2025\/mobile\/index.html\">Kataloog \/ \u041a\u0430\u0442\u0430\u043b\u043e\u0433 \/ Catalogue<\/a><\/div>\n<\/div>\n\n\n\n<p><\/p>\n\n\n\n<figure class=\"wp-block-image size-large is-resized\"><a href=\"https:\/\/www.gildan.com\/eu\/en\" target=\"_blank\" rel=\"noreferrer noopener\"><img loading=\"lazy\" decoding=\"async\" width=\"1024\" height=\"236\" src=\"https:\/\/kopliprint.ee\/wp-content\/uploads\/2022\/12\/zzzgildan-1024x236.png\" alt=\"\" class=\"wp-image-1368\" style=\"width:256px\" srcset=\"https:\/\/kopliprint.ee\/wp-content\/uploads\/2022\/12\/zzzgildan-1024x236.png 1024w, https:\/\/kopliprint.ee\/wp-content\/uploads\/2022\/12\/zzzgildan-300x69.png 300w, https:\/\/kopliprint.ee\/wp-content\/uploads\/2022\/12\/zzzgildan-768x177.png 768w, https:\/\/kopliprint.ee\/wp-content\/uploads\/2022\/12\/zzzgildan-1536x353.png 1536w, https:\/\/kopliprint.ee\/wp-content\/uploads\/2022\/12\/zzzgildan-2048x471.png 2048w, https:\/\/kopliprint.ee\/wp-content\/uploads\/2022\/12\/zzzgildan-18x4.png 18w, https:\/\/kopliprint.ee\/wp-content\/uploads\/2022\/12\/zzzgildan-600x138.png 600w\" sizes=\"auto, (max-width: 1024px) 100vw, 1024px\" \/><\/a><\/figure>\n\n\n\n<figure class=\"wp-block-image size-large is-resized\"><a href=\"https:\/\/www.sols-europe.com\/gb_sols\/\" target=\"_blank\" rel=\"noreferrer noopener\"><img loading=\"lazy\" decoding=\"async\" width=\"1024\" height=\"524\" src=\"https:\/\/kopliprint.ee\/wp-content\/uploads\/2022\/12\/zzzsols-1024x524.png\" alt=\"\" class=\"wp-image-1371\" style=\"width:256px\" srcset=\"https:\/\/kopliprint.ee\/wp-content\/uploads\/2022\/12\/zzzsols-1024x524.png 1024w, https:\/\/kopliprint.ee\/wp-content\/uploads\/2022\/12\/zzzsols-300x153.png 300w, https:\/\/kopliprint.ee\/wp-content\/uploads\/2022\/12\/zzzsols-768x393.png 768w, https:\/\/kopliprint.ee\/wp-content\/uploads\/2022\/12\/zzzsols-18x9.png 18w, https:\/\/kopliprint.ee\/wp-content\/uploads\/2022\/12\/zzzsols-600x307.png 600w, https:\/\/kopliprint.ee\/wp-content\/uploads\/2022\/12\/zzzsols.png 1425w\" sizes=\"auto, (max-width: 1024px) 100vw, 1024px\" \/><\/a><\/figure>\n\n\n\n<figure class=\"wp-block-image size-medium\"><a href=\"https:\/\/awdis.com\/\" target=\"_blank\" rel=\"noreferrer noopener\"><img loading=\"lazy\" decoding=\"async\" width=\"300\" height=\"113\" src=\"https:\/\/kopliprint.ee\/wp-content\/uploads\/2022\/12\/zzzAWDis-300x113.png\" alt=\"\" class=\"wp-image-1374\" srcset=\"https:\/\/kopliprint.ee\/wp-content\/uploads\/2022\/12\/zzzAWDis-300x113.png 300w, https:\/\/kopliprint.ee\/wp-content\/uploads\/2022\/12\/zzzAWDis-1024x384.png 1024w, https:\/\/kopliprint.ee\/wp-content\/uploads\/2022\/12\/zzzAWDis-768x288.png 768w, https:\/\/kopliprint.ee\/wp-content\/uploads\/2022\/12\/zzzAWDis-1536x576.png 1536w, https:\/\/kopliprint.ee\/wp-content\/uploads\/2022\/12\/zzzAWDis-18x7.png 18w, https:\/\/kopliprint.ee\/wp-content\/uploads\/2022\/12\/zzzAWDis-600x225.png 600w, https:\/\/kopliprint.ee\/wp-content\/uploads\/2022\/12\/zzzAWDis.png 1600w\" sizes=\"auto, (max-width: 300px) 100vw, 300px\" \/><\/a><\/figure>\n\n\n\n<figure class=\"wp-block-image size-large is-resized\"><a href=\"https:\/\/beechfield.com\/\" target=\"_blank\" rel=\"noreferrer noopener\"><img loading=\"lazy\" decoding=\"async\" width=\"1024\" height=\"319\" src=\"https:\/\/kopliprint.ee\/wp-content\/uploads\/2022\/12\/zzzbeechfield-1024x319.png\" alt=\"\" class=\"wp-image-1376\" style=\"width:256px\" srcset=\"https:\/\/kopliprint.ee\/wp-content\/uploads\/2022\/12\/zzzbeechfield-1024x319.png 1024w, https:\/\/kopliprint.ee\/wp-content\/uploads\/2022\/12\/zzzbeechfield-300x93.png 300w, https:\/\/kopliprint.ee\/wp-content\/uploads\/2022\/12\/zzzbeechfield-768x239.png 768w, https:\/\/kopliprint.ee\/wp-content\/uploads\/2022\/12\/zzzbeechfield-1536x478.png 1536w, https:\/\/kopliprint.ee\/wp-content\/uploads\/2022\/12\/zzzbeechfield-2048x638.png 2048w, https:\/\/kopliprint.ee\/wp-content\/uploads\/2022\/12\/zzzbeechfield-18x6.png 18w, https:\/\/kopliprint.ee\/wp-content\/uploads\/2022\/12\/zzzbeechfield-600x187.png 600w\" sizes=\"auto, (max-width: 1024px) 100vw, 1024px\" \/><\/a><\/figure>\n\n\n\n<figure class=\"wp-block-image size-medium\"><a href=\"https:\/\/www.karibanbrands.com\/en\/blog\/marques\/kariban.html\" target=\"_blank\" rel=\"noreferrer noopener\"><img loading=\"lazy\" decoding=\"async\" width=\"300\" height=\"93\" src=\"https:\/\/kopliprint.ee\/wp-content\/uploads\/2023\/07\/kariban-300x93.jpg\" alt=\"\" class=\"wp-image-1644\" srcset=\"https:\/\/kopliprint.ee\/wp-content\/uploads\/2023\/07\/kariban-300x93.jpg 300w, https:\/\/kopliprint.ee\/wp-content\/uploads\/2023\/07\/kariban-1024x316.jpg 1024w, https:\/\/kopliprint.ee\/wp-content\/uploads\/2023\/07\/kariban-768x237.jpg 768w, https:\/\/kopliprint.ee\/wp-content\/uploads\/2023\/07\/kariban-1536x474.jpg 1536w, https:\/\/kopliprint.ee\/wp-content\/uploads\/2023\/07\/kariban-2048x632.jpg 2048w, https:\/\/kopliprint.ee\/wp-content\/uploads\/2023\/07\/kariban-18x6.jpg 18w\" sizes=\"auto, (max-width: 300px) 100vw, 300px\" \/><\/a><\/figure>\n\n\n\n<div style=\"height:21px\" aria-hidden=\"true\" class=\"wp-block-spacer\"><\/div>\n\n\n\n<figure class=\"wp-block-image size-full is-resized\"><a href=\"https:\/\/www.regattaprofessional.com\/\" target=\"_blank\" rel=\"noreferrer noopener\"><img loading=\"lazy\" decoding=\"async\" width=\"200\" height=\"56\" src=\"https:\/\/kopliprint.ee\/wp-content\/uploads\/2023\/07\/\u044f\u044f\u044fregatta.png\" alt=\"\" class=\"wp-image-1569\" style=\"width:204px\" srcset=\"https:\/\/kopliprint.ee\/wp-content\/uploads\/2023\/07\/\u044f\u044f\u044fregatta.png 200w, https:\/\/kopliprint.ee\/wp-content\/uploads\/2023\/07\/\u044f\u044f\u044fregatta-18x5.png 18w\" sizes=\"auto, (max-width: 200px) 100vw, 200px\" \/><\/a><\/figure>\n\n\n\n<figure class=\"wp-block-image size-medium is-resized\"><a href=\"https:\/\/korntex.com\/\" target=\"_blank\" rel=\"noreferrer noopener\"><img loading=\"lazy\" decoding=\"async\" width=\"277\" height=\"300\" src=\"https:\/\/kopliprint.ee\/wp-content\/uploads\/2023\/07\/korntex-277x300.png\" alt=\"\" class=\"wp-image-1670\" style=\"width:189px\" srcset=\"https:\/\/kopliprint.ee\/wp-content\/uploads\/2023\/07\/korntex-277x300.png 277w, https:\/\/kopliprint.ee\/wp-content\/uploads\/2023\/07\/korntex-946x1024.png 946w, https:\/\/kopliprint.ee\/wp-content\/uploads\/2023\/07\/korntex-768x831.png 768w, https:\/\/kopliprint.ee\/wp-content\/uploads\/2023\/07\/korntex-11x12.png 11w, https:\/\/kopliprint.ee\/wp-content\/uploads\/2023\/07\/korntex.png 1182w\" sizes=\"auto, (max-width: 277px) 100vw, 277px\" \/><\/a><\/figure>\n\n\n\n<figure class=\"wp-block-image size-full is-resized\"><a href=\"https:\/\/www.karibanbrands.com\/en\/our-products.html?155=K-up\" target=\"_blank\" rel=\"noreferrer noopener\"><img loading=\"lazy\" decoding=\"async\" width=\"129\" height=\"101\" src=\"https:\/\/kopliprint.ee\/wp-content\/uploads\/2023\/07\/\u044f\u044f\u044fkup.png\" alt=\"\" class=\"wp-image-1566\" style=\"width:186px\" srcset=\"https:\/\/kopliprint.ee\/wp-content\/uploads\/2023\/07\/\u044f\u044f\u044fkup.png 129w, https:\/\/kopliprint.ee\/wp-content\/uploads\/2023\/07\/\u044f\u044f\u044fkup-15x12.png 15w\" sizes=\"auto, (max-width: 129px) 100vw, 129px\" \/><\/a><\/figure>\n\n\n\n<figure class=\"wp-block-image size-full is-resized\"><a href=\"https:\/\/www.premierworkwear.com\/\" target=\"_blank\" rel=\"noreferrer noopener\"><img loading=\"lazy\" decoding=\"async\" width=\"150\" height=\"79\" src=\"https:\/\/kopliprint.ee\/wp-content\/uploads\/2023\/07\/\u044f\u044f\u044fpremier.png\" alt=\"\" class=\"wp-image-1567\" style=\"width:185px\" srcset=\"https:\/\/kopliprint.ee\/wp-content\/uploads\/2023\/07\/\u044f\u044f\u044fpremier.png 150w, https:\/\/kopliprint.ee\/wp-content\/uploads\/2023\/07\/\u044f\u044f\u044fpremier-18x9.png 18w\" sizes=\"auto, (max-width: 150px) 100vw, 150px\" \/><\/a><\/figure>\n\n\n\n<figure class=\"wp-block-image size-full is-resized\"><a href=\"https:\/\/www.karibanbrands.com\/en\/blog\/marques\/kimood.html\" target=\"_blank\" rel=\"noreferrer noopener\"><img loading=\"lazy\" decoding=\"async\" width=\"153\" height=\"56\" src=\"https:\/\/kopliprint.ee\/wp-content\/uploads\/2023\/07\/kimood.png\" alt=\"\" class=\"wp-image-1661\" style=\"width:198px\" srcset=\"https:\/\/kopliprint.ee\/wp-content\/uploads\/2023\/07\/kimood.png 153w, https:\/\/kopliprint.ee\/wp-content\/uploads\/2023\/07\/kimood-150x56.png 150w, https:\/\/kopliprint.ee\/wp-content\/uploads\/2023\/07\/kimood-18x7.png 18w\" sizes=\"auto, (max-width: 153px) 100vw, 153px\" \/><\/a><\/figure>\n\n\n\n<figure class=\"wp-block-image size-full is-resized\"><a href=\"https:\/\/www.karibanbrands.com\/en\/our-products.html?155=WK.+Designed+To+Work\" target=\"_blank\" rel=\"noreferrer noopener\"><img loading=\"lazy\" decoding=\"async\" width=\"130\" height=\"117\" src=\"https:\/\/kopliprint.ee\/wp-content\/uploads\/2023\/07\/zzzdesigned-to-work.png\" alt=\"\" class=\"wp-image-1568\" style=\"width:169px\" srcset=\"https:\/\/kopliprint.ee\/wp-content\/uploads\/2023\/07\/zzzdesigned-to-work.png 130w, https:\/\/kopliprint.ee\/wp-content\/uploads\/2023\/07\/zzzdesigned-to-work-13x12.png 13w\" sizes=\"auto, (max-width: 130px) 100vw, 130px\" \/><\/a><\/figure>\n\n\n\n<figure class=\"wp-block-image size-full is-resized\"><a href=\"https:\/\/www.karibanbrands.com\/en\/our-products.html?155=PROACT%C2%AE\" target=\"_blank\" rel=\"noreferrer noopener\"><img loading=\"lazy\" decoding=\"async\" width=\"260\" height=\"52\" src=\"https:\/\/kopliprint.ee\/wp-content\/uploads\/2023\/07\/\u044f\u044f\u044fproact.png\" alt=\"\" class=\"wp-image-1570\" style=\"width:222px\" srcset=\"https:\/\/kopliprint.ee\/wp-content\/uploads\/2023\/07\/\u044f\u044f\u044fproact.png 260w, https:\/\/kopliprint.ee\/wp-content\/uploads\/2023\/07\/\u044f\u044f\u044fproact-18x4.png 18w\" sizes=\"auto, (max-width: 260px) 100vw, 260px\" \/><\/a><\/figure>\n\n\n\n<figure class=\"wp-block-image size-full is-resized\"><a href=\"https:\/\/the-mumbles.co.uk\/\" target=\"_blank\" rel=\"noreferrer noopener\"><img loading=\"lazy\" decoding=\"async\" width=\"200\" height=\"100\" src=\"https:\/\/kopliprint.ee\/wp-content\/uploads\/2023\/07\/mumbles.png\" alt=\"\" class=\"wp-image-1676\" style=\"width:217px;height:109px\" srcset=\"https:\/\/kopliprint.ee\/wp-content\/uploads\/2023\/07\/mumbles.png 200w, https:\/\/kopliprint.ee\/wp-content\/uploads\/2023\/07\/mumbles-18x9.png 18w\" sizes=\"auto, (max-width: 200px) 100vw, 200px\" \/><\/a><\/figure>","protected":false},"excerpt":{"rendered":"<p>\u0417\u0434\u0435\u0441\u044c \u0432\u044b \u0441\u043c\u043e\u0436\u0435\u0442\u0435 \u043f\u043e\u0441\u043c\u043e\u0442\u0440\u0435\u0442\u044c \u0438 \u0432\u044b\u0431\u0440\u0430\u0442\u044c \u0432 \u043e\u043d\u043b\u0430\u0439\u043d \u043a\u0430\u0442\u0430\u043b\u043e\u0433\u0435 \u0432\u0435\u0449\u0438 \u0440\u0430\u0437\u043b\u0438\u0447\u043d\u044b\u0445 \u0431\u0440\u044d\u043d\u0434\u043e\u0432, \u043a\u043e\u0442\u043e\u0440\u044b\u0435 \u043c\u044b \u0432\u0430\u043c \u043f\u0440\u0435\u0434\u043b\u0430\u0433\u0430\u0435\u043c \u0438 \u043a\u043e\u0442\u043e\u0440\u044b\u0435 \u043c\u044b \u043c\u043e\u0436\u0435\u043c \u0434\u043b\u044f \u0432\u0430\u0441 \u0434\u0435\u043a\u043e\u0440\u0438\u0440\u043e\u0432\u0430\u0442\u044c \u0440\u0430\u0437\u043b\u0438\u0447\u043d\u044b\u043c\u0438 \u043c\u0435\u0442\u043e\u0434\u0430\u043c\u0438. \u041d\u0430\u0436\u043c\u0438\u0442\u0435 \u043d\u0430 \u0441\u0438\u043d\u044e\u044e \u043a\u043d\u043e\u043f\u043a\u0443 \u0438 \u043b\u0438\u0441\u0442\u0430\u0439\u0442\u0435 \u0441\u0442\u0440\u0430\u043d\u0438\u0446\u044b! \u041e\u0431\u044f\u0437\u0430\u0442\u0435\u043b\u044c\u043d\u043e \u043f\u043e\u0441\u043c\u043e\u0442\u0440\u0438\u0442\u0435 \u043f\u043e\u043b\u043d\u043e\u0441\u0442\u044c\u044e, \u0435\u0441\u043b\u0438 \u043e\u0441\u0438\u043b\u0438\u0442\u0435. \u041c\u044b \u043d\u0435 \u043e\u0433\u0440\u0430\u043d\u0438\u0447\u0438\u0432\u0430\u0435\u043c\u0441\u044f \u043b\u0438\u0448\u044c \u0444\u0443\u0442\u0431\u043e\u043b\u043a\u0430\u043c\u0438 \u0438\u043b\u0438 \u0448\u0430\u043f\u043e\u0447\u043a\u0430\u043c\u0438. \u041a\u0430\u043a \u0432\u0430\u043c \u043c\u044f\u0433\u043a\u0430\u044f \u0438\u0433\u0440\u0443\u0448\u043a\u0430 \u0441 \u0432\u044b\u0448\u0438\u0442\u044b\u043c \u0438\u043c\u0435\u043d\u0435\u043c, \u043d\u0430\u043f\u0440\u0438\u043c\u0435\u0440? \u041a\u0430\u043a \u0437\u0430\u043a\u0430\u0437\u0430\u0442\u044c? \u0421\u043a\u043e\u043b\u044c\u043a\u043e [&hellip;]<\/p>\n","protected":false},"author":1,"featured_media":0,"parent":0,"menu_order":0,"comment_status":"closed","ping_status":"closed","template":"","meta":{"site-sidebar-layout":"default","site-content-layout":"","ast-site-content-layout":"default","site-content-style":"default","site-sidebar-style":"default","ast-global-header-display":"","ast-banner-title-visibility":"","ast-main-header-display":"","ast-hfb-above-header-display":"","ast-hfb-below-header-display":"","ast-hfb-mobile-header-display":"","site-post-title":"","ast-breadcrumbs-content":"","ast-featured-img":"","footer-sml-layout":"","ast-disable-related-posts":"","theme-transparent-header-meta":"","adv-header-id-meta":"","stick-header-meta":"","header-above-stick-meta":"","header-main-stick-meta":"","header-below-stick-meta":"","astra-migrate-meta-layouts":"set","ast-page-background-enabled":"default","ast-page-background-meta":{"desktop":{"background-color":"var(--ast-global-color-4)","background-image":"","background-repeat":"repeat","background-position":"center center","background-size":"auto","background-attachment":"scroll","background-type":"","background-media":"","overlay-type":"","overlay-color":"","overlay-opacity":"","overlay-gradient":""},"tablet":{"background-color":"","background-image":"","background-repeat":"repeat","background-position":"center center","background-size":"auto","background-attachment":"scroll","background-type":"","background-media":"","overlay-type":"","overlay-color":"","overlay-opacity":"","overlay-gradient":""},"mobile":{"background-color":"","background-image":"","background-repeat":"repeat","background-position":"center center","background-size":"auto","background-attachment":"scroll","background-type":"","background-media":"","overlay-type":"","overlay-color":"","overlay-opacity":"","overlay-gradient":""}},"ast-content-background-meta":{"desktop":{"background-color":"var(--ast-global-color-5)","background-image":"","background-repeat":"repeat","background-position":"center center","background-size":"auto","background-attachment":"scroll","background-type":"","background-media":"","overlay-type":"","overlay-color":"","overlay-opacity":"","overlay-gradient":""},"tablet":{"background-color":"var(--ast-global-color-5)","background-image":"","background-repeat":"repeat","background-position":"center center","background-size":"auto","background-attachment":"scroll","background-type":"","background-media":"","overlay-type":"","overlay-color":"","overlay-opacity":"","overlay-gradient":""},"mobile":{"background-color":"var(--ast-global-color-5)","background-image":"","background-repeat":"repeat","background-position":"center center","background-size":"auto","background-attachment":"scroll","background-type":"","background-media":"","overlay-type":"","overlay-color":"","overlay-opacity":"","overlay-gradient":""}},"footnotes":""},"class_list":["post-1006","page","type-page","status-publish","hentry"],"aioseo_notices":[],"_links":{"self":[{"href":"https:\/\/kopliprint.ee\/et\/wp-json\/wp\/v2\/pages\/1006","targetHints":{"allow":["GET"]}}],"collection":[{"href":"https:\/\/kopliprint.ee\/et\/wp-json\/wp\/v2\/pages"}],"about":[{"href":"https:\/\/kopliprint.ee\/et\/wp-json\/wp\/v2\/types\/page"}],"author":[{"embeddable":true,"href":"https:\/\/kopliprint.ee\/et\/wp-json\/wp\/v2\/users\/1"}],"replies":[{"embeddable":true,"href":"https:\/\/kopliprint.ee\/et\/wp-json\/wp\/v2\/comments?post=1006"}],"version-history":[{"count":170,"href":"https:\/\/kopliprint.ee\/et\/wp-json\/wp\/v2\/pages\/1006\/revisions"}],"predecessor-version":[{"id":1731,"href":"https:\/\/kopliprint.ee\/et\/wp-json\/wp\/v2\/pages\/1006\/revisions\/1731"}],"wp:attachment":[{"href":"https:\/\/kopliprint.ee\/et\/wp-json\/wp\/v2\/media?parent=1006"}],"curies":[{"name":"wp","href":"https:\/\/api.w.org\/{rel}","templated":true}]}}